{"id":795,"date":"2022-02-11T09:50:23","date_gmt":"2022-02-11T09:50:23","guid":{"rendered":"https:\/\/tech.asensi.es\/contact-us\/"},"modified":"2024-02-13T16:22:48","modified_gmt":"2024-02-13T16:22:48","slug":"contact-us","status":"publish","type":"page","link":"https:\/\/tech.asensi.es\/es\/contact-us\/","title":{"rendered":"Cont\u00e1ctanos"},"content":{"rendered":"\n<section class=\"s-hero\">\n    <!-- <div class=\"hero-bg animation-bg\" style=\"background-image:url('https:\/\/ejsta4wnyhi.exactdn.com\/wp-content\/uploads\/2021\/12\/hero-subpage.jpg?strip=all&lossy=1&ssl=1');\"  > <\/div> -->\n    <div class=\"animation-bg\">\n\t\t<video width=\"100%\" height=\"auto\" preload=\"auto\" autoplay muted loop=\"loop\" poster=\"\">\n            <source src=\"https:\/\/tech.asensi.es\/wp-content\/themes\/cbd\/videos\/hero-video-slow.mp4\" type=\"video\/mp4\"><\/source>\t\t<\/video>\n\t<\/div>\n    <div class=\"container\">\n        <div class=\"hero-content coll-2\">\n            <div class=\"hero-content-info\">\n                                    <h1 class=\"title-page\" data-aos=\"fade-right\" data-aos-duration=\"1000\">\n                       Cont\u00e1ctanos                    <\/h1>\n                \n                                    <div data-aos=\"fade-right\" data-aos-duration=\"1000\" data-aos-delay=\"50\">\n                        <p>Cont\u00e1ctanos para discutir c\u00f3mo podemos ayudar a que tu negocio prospere en Espa\u00f1a, en Per\u00fa&#8230; y m\u00e1s all\u00e1<\/p>\n                    <\/div>\n                            <\/div>\n\n                            <div class=\"hero-img-block\" data-aos=\"fade-left\" data-aos-duration=\"1200\" data-aos-delay=\"200\">\n                    <img decoding=\"async\" src=\"https:\/\/ejsta4wnyhi.exactdn.com\/wp-content\/uploads\/2022\/01\/contact.png?strip=all&#038;lossy=1&#038;resize=584%2C461&#038;ssl=1\" alt=\"\">\n                <\/div>\n                    <\/div>\n    <\/div>\n<\/section>\n\n\n\n\n\n<section class=\"s-contact\">\n    <div class=\"container small contactPage\">\n        <div class=\"contact-content coll-2\">\n            <div class=\"contact-items-block\">\n                <div class=\"coll-2 m-0\">\n                    <div class=\"contact-item\" data-aos=\"fade-up\">\n                                                    <div class=\"title-block is-line-up\">Tel\u00e9fono<\/div>\n                        \n                                                    <div class=\"contact-item-info\">\n                                                                    <a href=\"tel:+34971909219\">+34 971 90 92 19<\/a>\n                                                            <\/div>\n                                            <\/div>\n                    <div class=\"contact-item\" data-aos=\"fade-up\">\n                                                    <div class=\"title-block is-line-up\">Correo electr\u00f3nico<\/div>\n                        \n                                                    <div class=\"contact-item-info\">\n                                                                    <a href=\"mailto:InfoLab@asensi.es\">InfoLab@asensi.es<\/a>\n                                                            <\/div>\n                                            <\/div>\n                <\/div>\n\n                                <div class=\"contact-item\" data-aos=\"fade-up\">\n                                                                        <div class=\"title-block is-line-up\">Espa\u00f1a<\/div>\n                        \n                                                    <div class=\"contact-item-info\">\n                                <p>Avda. de Jaume III,<br \/>\nNo. 1, Primera planta,<br \/>\n07012 Palma,<br \/>\nIslas Baleares, Espa\u00f1a<\/p>\n                            <\/div>\n                                                            <\/div>\n                             <\/div>\n          <div class=\"contact-content-form-wrap\">\n<!--                  -->\n\t\t\t\t\t<section class=\"s-map\">\n\t\t\t\t\t\t<div class=\"container full\">\t\t\t\n\t\t\t\t\t\t\t<div class=\"map-block\">\n\t\t\t\t\t\t\t\t<iframe id=\"map\" frameborder=\"0\" scrolling=\"no\" marginheight=\"0\" marginwidth=\"0\" src=\"https:\/\/maps.google.com\/maps?width=100%25&amp;height=600&amp;hl=en&amp;q=Avenida%20Jaime%20III,%201,%20Primera%20Planta+(Asensi)&amp;t=&amp;z=14&amp;ie=UTF8&amp;iwloc=B&amp;output=embed\"><a href=\"https:\/\/www.gps.ie\/\">gps trackers<\/a><\/iframe><\/div>\n\t\t\t\t\t\t<\/div>\n\t\t\t\t\t<\/section>\n\n                \n            <\/div>\n        <\/div>\n    <\/div>\n<\/section>\n\n\n\n\n<!-- Map -->\n\n\n","protected":false},"excerpt":{"rendered":"","protected":false},"author":1,"featured_media":0,"parent":0,"menu_order":4,"comment_status":"closed","ping_status":"closed","template":"","meta":{"_acf_changed":false,"footnotes":""},"acf":[],"yoast_head":"<!-- This site is optimized with the Yoast SEO plugin v22.0 - https:\/\/yoast.com\/wordpress\/plugins\/seo\/ -->\n<title>Cont\u00e1ctanos - Asensi Technologies<\/title>\n<meta name=\"description\" content=\"Laboratorio de certificaci\u00f3n de juegos y apuestas online en Espa\u00f1a y m\u00e1s que un lab en cualquier jurisdicci\u00f3n\" \/>\n<meta name=\"robots\" content=\"index, follow, max-snippet:-1, max-image-preview:large, max-video-preview:-1\" \/>\n<link rel=\"canonical\" href=\"https:\/\/tech.asensi.es\/es\/contact-us\/\" \/>\n<meta property=\"og:locale\" content=\"es_ES\" \/>\n<meta property=\"og:type\" content=\"article\" \/>\n<meta property=\"og:title\" content=\"Cont\u00e1ctanos - Asensi Technologies\" \/>\n<meta property=\"og:description\" content=\"Laboratorio de certificaci\u00f3n de juegos y apuestas online en Espa\u00f1a y m\u00e1s que un lab en cualquier jurisdicci\u00f3n\" \/>\n<meta property=\"og:url\" content=\"https:\/\/tech.asensi.es\/es\/contact-us\/\" \/>\n<meta property=\"og:site_name\" content=\"Asensi Technologies\" \/>\n<meta property=\"article:modified_time\" content=\"2024-02-13T16:22:48+00:00\" \/>\n<meta name=\"twitter:card\" content=\"summary_large_image\" \/>\n<script type=\"application\/ld+json\" class=\"yoast-schema-graph\">{\"@context\":\"https:\/\/schema.org\",\"@graph\":[{\"@type\":\"WebPage\",\"@id\":\"https:\/\/tech.asensi.es\/es\/contact-us\/\",\"url\":\"https:\/\/tech.asensi.es\/es\/contact-us\/\",\"name\":\"Cont\u00e1ctanos - Asensi Technologies\",\"isPartOf\":{\"@id\":\"https:\/\/tech.asensi.es\/es\/#website\"},\"datePublished\":\"2022-02-11T09:50:23+00:00\",\"dateModified\":\"2024-02-13T16:22:48+00:00\",\"description\":\"Laboratorio de certificaci\u00f3n de juegos y apuestas online en Espa\u00f1a y m\u00e1s que un lab en cualquier jurisdicci\u00f3n\",\"breadcrumb\":{\"@id\":\"https:\/\/tech.asensi.es\/es\/contact-us\/#breadcrumb\"},\"inLanguage\":\"es\",\"potentialAction\":[{\"@type\":\"ReadAction\",\"target\":[\"https:\/\/tech.asensi.es\/es\/contact-us\/\"]}]},{\"@type\":\"BreadcrumbList\",\"@id\":\"https:\/\/tech.asensi.es\/es\/contact-us\/#breadcrumb\",\"itemListElement\":[{\"@type\":\"ListItem\",\"position\":1,\"name\":\"Home\",\"item\":\"https:\/\/tech.asensi.es\/es\/\"},{\"@type\":\"ListItem\",\"position\":2,\"name\":\"Cont\u00e1ctanos\"}]},{\"@type\":\"WebSite\",\"@id\":\"https:\/\/tech.asensi.es\/es\/#website\",\"url\":\"https:\/\/tech.asensi.es\/es\/\",\"name\":\"Asensi Technologies\",\"description\":\"\",\"potentialAction\":[{\"@type\":\"SearchAction\",\"target\":{\"@type\":\"EntryPoint\",\"urlTemplate\":\"https:\/\/tech.asensi.es\/es\/?s={search_term_string}\"},\"query-input\":\"required name=search_term_string\"}],\"inLanguage\":\"es\"}]}<\/script>\n<!-- \/ Yoast SEO plugin. -->","yoast_head_json":{"title":"Cont\u00e1ctanos - Asensi Technologies","description":"Laboratorio de certificaci\u00f3n de juegos y apuestas online en Espa\u00f1a y m\u00e1s que un lab en cualquier jurisdicci\u00f3n","robots":{"index":"index","follow":"follow","max-snippet":"max-snippet:-1","max-image-preview":"max-image-preview:large","max-video-preview":"max-video-preview:-1"},"canonical":"https:\/\/tech.asensi.es\/es\/contact-us\/","og_locale":"es_ES","og_type":"article","og_title":"Cont\u00e1ctanos - Asensi Technologies","og_description":"Laboratorio de certificaci\u00f3n de juegos y apuestas online en Espa\u00f1a y m\u00e1s que un lab en cualquier jurisdicci\u00f3n","og_url":"https:\/\/tech.asensi.es\/es\/contact-us\/","og_site_name":"Asensi Technologies","article_modified_time":"2024-02-13T16:22:48+00:00","twitter_card":"summary_large_image","schema":{"@context":"https:\/\/schema.org","@graph":[{"@type":"WebPage","@id":"https:\/\/tech.asensi.es\/es\/contact-us\/","url":"https:\/\/tech.asensi.es\/es\/contact-us\/","name":"Cont\u00e1ctanos - Asensi Technologies","isPartOf":{"@id":"https:\/\/tech.asensi.es\/es\/#website"},"datePublished":"2022-02-11T09:50:23+00:00","dateModified":"2024-02-13T16:22:48+00:00","description":"Laboratorio de certificaci\u00f3n de juegos y apuestas online en Espa\u00f1a y m\u00e1s que un lab en cualquier jurisdicci\u00f3n","breadcrumb":{"@id":"https:\/\/tech.asensi.es\/es\/contact-us\/#breadcrumb"},"inLanguage":"es","potentialAction":[{"@type":"ReadAction","target":["https:\/\/tech.asensi.es\/es\/contact-us\/"]}]},{"@type":"BreadcrumbList","@id":"https:\/\/tech.asensi.es\/es\/contact-us\/#breadcrumb","itemListElement":[{"@type":"ListItem","position":1,"name":"Home","item":"https:\/\/tech.asensi.es\/es\/"},{"@type":"ListItem","position":2,"name":"Cont\u00e1ctanos"}]},{"@type":"WebSite","@id":"https:\/\/tech.asensi.es\/es\/#website","url":"https:\/\/tech.asensi.es\/es\/","name":"Asensi Technologies","description":"","potentialAction":[{"@type":"SearchAction","target":{"@type":"EntryPoint","urlTemplate":"https:\/\/tech.asensi.es\/es\/?s={search_term_string}"},"query-input":"required name=search_term_string"}],"inLanguage":"es"}]}},"_links":{"self":[{"href":"https:\/\/tech.asensi.es\/es\/wp-json\/wp\/v2\/pages\/795"}],"collection":[{"href":"https:\/\/tech.asensi.es\/es\/wp-json\/wp\/v2\/pages"}],"about":[{"href":"https:\/\/tech.asensi.es\/es\/wp-json\/wp\/v2\/types\/page"}],"author":[{"embeddable":true,"href":"https:\/\/tech.asensi.es\/es\/wp-json\/wp\/v2\/users\/1"}],"replies":[{"embeddable":true,"href":"https:\/\/tech.asensi.es\/es\/wp-json\/wp\/v2\/comments?post=795"}],"version-history":[{"count":12,"href":"https:\/\/tech.asensi.es\/es\/wp-json\/wp\/v2\/pages\/795\/revisions"}],"predecessor-version":[{"id":1114,"href":"https:\/\/tech.asensi.es\/es\/wp-json\/wp\/v2\/pages\/795\/revisions\/1114"}],"wp:attachment":[{"href":"https:\/\/tech.asensi.es\/es\/wp-json\/wp\/v2\/media?parent=795"}],"curies":[{"name":"wp","href":"https:\/\/api.w.org\/{rel}","templated":true}]}}